{"id":295,"date":"2025-08-07T22:35:55","date_gmt":"2025-08-07T22:35:55","guid":{"rendered":"https:\/\/innovaagencia.com.co\/?page_id=295"},"modified":"2025-08-07T23:08:13","modified_gmt":"2025-08-07T23:08:13","slug":"agendas","status":"publish","type":"page","link":"https:\/\/innovaagencia.com.co\/index.php\/agendas\/","title":{"rendered":"Cuadernos y Agendas Personalizados"},"content":{"rendered":"\n<div class=\"wp-block-uagb-container uagb-block-5373464f alignfull uagb-is-root-container\"><div class=\"uagb-container-inner-blocks-wrap\">\n<div class=\"wp-block-uagb-container uagb-block-efca034b\">\n<h3 class=\"wp-block-heading\">Dale estilo a tus ideas: Cuadernos y Agendas Personalizados<\/h3>\n\n\n\n<p>\ud83d\udcd3 Dise\u00f1ados para inspirarte. Hechos para destacar.<\/p>\n\n\n\n<p>\u00bfCansado de los mismos cuadernos gen\u00e9ricos? Personaliza tus libretas, agendas o bit\u00e1coras con tu estilo, logo, frase favorita o dise\u00f1o exclusivo. Ya sea para ti, para regalar o para tu empresa, tenemos la opci\u00f3n perfecta que se adapta a tu esencia.<\/p>\n<\/div>\n\n\n\n<div class=\"wp-block-uagb-container uagb-block-86d39af9\">\n<figure class=\"wp-block-image size-full\"><img fetchpriority=\"high\" decoding=\"async\" width=\"400\" height=\"533\" src=\"https:\/\/innovaagencia.com.co\/wp-content\/uploads\/2025\/08\/cuadernos.gif\" alt=\"\" class=\"wp-image-263\"\/><\/figure>\n<\/div>\n<\/div><\/div>\n\n\n\n<figure class=\"wp-block-gallery has-nested-images columns-default is-cropped wp-block-gallery-1 is-layout-flex wp-block-gallery-is-layout-flex\">\n<figure class=\"wp-block-image size-large\"><img decoding=\"async\" width=\"1024\" height=\"995\" data-id=\"315\" src=\"https:\/\/innovaagencia.com.co\/wp-content\/uploads\/2025\/08\/20190926_1443102-1-1024x995.jpg\" alt=\"\" class=\"wp-image-315\" srcset=\"https:\/\/innovaagencia.com.co\/wp-content\/uploads\/2025\/08\/20190926_1443102-1-1024x995.jpg 1024w, https:\/\/innovaagencia.com.co\/wp-content\/uploads\/2025\/08\/20190926_1443102-1-300x292.jpg 300w, https:\/\/innovaagencia.com.co\/wp-content\/uploads\/2025\/08\/20190926_1443102-1-768x747.jpg 768w, https:\/\/innovaagencia.com.co\/wp-content\/uploads\/2025\/08\/20190926_1443102-1-1536x1493.jpg 1536w, https:\/\/innovaagencia.com.co\/wp-content\/uploads\/2025\/08\/20190926_1443102-1-2048x1991.jpg 2048w, https:\/\/innovaagencia.com.co\/wp-content\/uploads\/2025\/08\/20190926_1443102-1-1000x972.jpg 1000w, https:\/\/innovaagencia.com.co\/wp-content\/uploads\/2025\/08\/20190926_1443102-1-230x224.jpg 230w, https:\/\/innovaagencia.com.co\/wp-content\/uploads\/2025\/08\/20190926_1443102-1-350x340.jpg 350w, https:\/\/innovaagencia.com.co\/wp-content\/uploads\/2025\/08\/20190926_1443102-1-480x467.jpg 480w\" sizes=\"(max-width: 1024px) 100vw, 1024px\" \/><\/figure>\n\n\n\n<figure class=\"wp-block-image size-large\"><img decoding=\"async\" width=\"768\" height=\"1024\" data-id=\"330\" src=\"https:\/\/innovaagencia.com.co\/wp-content\/uploads\/2025\/08\/IMG-20220319-WA0051-768x1024.jpg\" alt=\"\" class=\"wp-image-330\" srcset=\"https:\/\/innovaagencia.com.co\/wp-content\/uploads\/2025\/08\/IMG-20220319-WA0051-768x1024.jpg 768w, https:\/\/innovaagencia.com.co\/wp-content\/uploads\/2025\/08\/IMG-20220319-WA0051-225x300.jpg 225w, https:\/\/innovaagencia.com.co\/wp-content\/uploads\/2025\/08\/IMG-20220319-WA0051-230x307.jpg 230w, https:\/\/innovaagencia.com.co\/wp-content\/uploads\/2025\/08\/IMG-20220319-WA0051-350x467.jpg 350w, https:\/\/innovaagencia.com.co\/wp-content\/uploads\/2025\/08\/IMG-20220319-WA0051-480x640.jpg 480w, https:\/\/innovaagencia.com.co\/wp-content\/uploads\/2025\/08\/IMG-20220319-WA0051.jpg 960w\" sizes=\"(max-width: 768px) 100vw, 768px\" \/><\/figure>\n\n\n\n<figure class=\"wp-block-image size-large\"><img loading=\"lazy\" decoding=\"async\" width=\"1024\" height=\"1024\" data-id=\"317\" src=\"https:\/\/innovaagencia.com.co\/wp-content\/uploads\/2025\/08\/IMG_20220407_234515_061-1-1024x1024.jpg\" alt=\"\" class=\"wp-image-317\" srcset=\"https:\/\/innovaagencia.com.co\/wp-content\/uploads\/2025\/08\/IMG_20220407_234515_061-1-1024x1024.jpg 1024w, https:\/\/innovaagencia.com.co\/wp-content\/uploads\/2025\/08\/IMG_20220407_234515_061-1-300x300.jpg 300w, https:\/\/innovaagencia.com.co\/wp-content\/uploads\/2025\/08\/IMG_20220407_234515_061-1-150x150.jpg 150w, https:\/\/innovaagencia.com.co\/wp-content\/uploads\/2025\/08\/IMG_20220407_234515_061-1-768x768.jpg 768w, https:\/\/innovaagencia.com.co\/wp-content\/uploads\/2025\/08\/IMG_20220407_234515_061-1-1536x1536.jpg 1536w, https:\/\/innovaagencia.com.co\/wp-content\/uploads\/2025\/08\/IMG_20220407_234515_061-1-2048x2048.jpg 2048w, https:\/\/innovaagencia.com.co\/wp-content\/uploads\/2025\/08\/IMG_20220407_234515_061-1-1000x1000.jpg 1000w, https:\/\/innovaagencia.com.co\/wp-content\/uploads\/2025\/08\/IMG_20220407_234515_061-1-230x230.jpg 230w, https:\/\/innovaagencia.com.co\/wp-content\/uploads\/2025\/08\/IMG_20220407_234515_061-1-350x350.jpg 350w, https:\/\/innovaagencia.com.co\/wp-content\/uploads\/2025\/08\/IMG_20220407_234515_061-1-480x480.jpg 480w\" sizes=\"(max-width: 1024px) 100vw, 1024px\" \/><\/figure>\n\n\n\n<figure class=\"wp-block-image size-large\"><img loading=\"lazy\" decoding=\"async\" width=\"768\" height=\"1024\" data-id=\"324\" src=\"https:\/\/innovaagencia.com.co\/wp-content\/uploads\/2025\/08\/IMG-20211104-WA0021-768x1024.jpg\" alt=\"\" class=\"wp-image-324\" srcset=\"https:\/\/innovaagencia.com.co\/wp-content\/uploads\/2025\/08\/IMG-20211104-WA0021-768x1024.jpg 768w, https:\/\/innovaagencia.com.co\/wp-content\/uploads\/2025\/08\/IMG-20211104-WA0021-225x300.jpg 225w, https:\/\/innovaagencia.com.co\/wp-content\/uploads\/2025\/08\/IMG-20211104-WA0021-1152x1536.jpg 1152w, https:\/\/innovaagencia.com.co\/wp-content\/uploads\/2025\/08\/IMG-20211104-WA0021-1000x1333.jpg 1000w, https:\/\/innovaagencia.com.co\/wp-content\/uploads\/2025\/08\/IMG-20211104-WA0021-230x307.jpg 230w, https:\/\/innovaagencia.com.co\/wp-content\/uploads\/2025\/08\/IMG-20211104-WA0021-350x467.jpg 350w, https:\/\/innovaagencia.com.co\/wp-content\/uploads\/2025\/08\/IMG-20211104-WA0021-480x640.jpg 480w, https:\/\/innovaagencia.com.co\/wp-content\/uploads\/2025\/08\/IMG-20211104-WA0021.jpg 1200w\" sizes=\"(max-width: 768px) 100vw, 768px\" \/><\/figure>\n\n\n\n<figure class=\"wp-block-image size-large\"><img loading=\"lazy\" decoding=\"async\" width=\"768\" height=\"1024\" data-id=\"314\" src=\"https:\/\/innovaagencia.com.co\/wp-content\/uploads\/2025\/08\/IMG-20220926-WA0019-768x1024.jpg\" alt=\"\" class=\"wp-image-314\" srcset=\"https:\/\/innovaagencia.com.co\/wp-content\/uploads\/2025\/08\/IMG-20220926-WA0019-768x1024.jpg 768w, https:\/\/innovaagencia.com.co\/wp-content\/uploads\/2025\/08\/IMG-20220926-WA0019-225x300.jpg 225w, https:\/\/innovaagencia.com.co\/wp-content\/uploads\/2025\/08\/IMG-20220926-WA0019-1152x1536.jpg 1152w, https:\/\/innovaagencia.com.co\/wp-content\/uploads\/2025\/08\/IMG-20220926-WA0019-1000x1333.jpg 1000w, https:\/\/innovaagencia.com.co\/wp-content\/uploads\/2025\/08\/IMG-20220926-WA0019-230x307.jpg 230w, https:\/\/innovaagencia.com.co\/wp-content\/uploads\/2025\/08\/IMG-20220926-WA0019-350x467.jpg 350w, https:\/\/innovaagencia.com.co\/wp-content\/uploads\/2025\/08\/IMG-20220926-WA0019-480x640.jpg 480w, https:\/\/innovaagencia.com.co\/wp-content\/uploads\/2025\/08\/IMG-20220926-WA0019.jpg 1200w\" sizes=\"(max-width: 768px) 100vw, 768px\" \/><\/figure>\n\n\n\n<figure class=\"wp-block-image size-large\"><img loading=\"lazy\" decoding=\"async\" width=\"1024\" height=\"781\" data-id=\"316\" src=\"https:\/\/innovaagencia.com.co\/wp-content\/uploads\/2025\/08\/IMG-20221122-WA0012-1024x781.jpg\" alt=\"\" class=\"wp-image-316\" srcset=\"https:\/\/innovaagencia.com.co\/wp-content\/uploads\/2025\/08\/IMG-20221122-WA0012-1024x781.jpg 1024w, https:\/\/innovaagencia.com.co\/wp-content\/uploads\/2025\/08\/IMG-20221122-WA0012-300x229.jpg 300w, https:\/\/innovaagencia.com.co\/wp-content\/uploads\/2025\/08\/IMG-20221122-WA0012-768x586.jpg 768w, https:\/\/innovaagencia.com.co\/wp-content\/uploads\/2025\/08\/IMG-20221122-WA0012-1000x763.jpg 1000w, https:\/\/innovaagencia.com.co\/wp-content\/uploads\/2025\/08\/IMG-20221122-WA0012-230x175.jpg 230w, https:\/\/innovaagencia.com.co\/wp-content\/uploads\/2025\/08\/IMG-20221122-WA0012-350x267.jpg 350w, https:\/\/innovaagencia.com.co\/wp-content\/uploads\/2025\/08\/IMG-20221122-WA0012-480x366.jpg 480w, https:\/\/innovaagencia.com.co\/wp-content\/uploads\/2025\/08\/IMG-20221122-WA0012.jpg 1080w\" sizes=\"(max-width: 1024px) 100vw, 1024px\" \/><\/figure>\n\n\n\n<figure class=\"wp-block-image size-large\"><img loading=\"lazy\" decoding=\"async\" width=\"1024\" height=\"912\" data-id=\"320\" src=\"https:\/\/innovaagencia.com.co\/wp-content\/uploads\/2025\/08\/IMG-20240108-WA0023-1024x912.jpg\" alt=\"\" class=\"wp-image-320\" srcset=\"https:\/\/innovaagencia.com.co\/wp-content\/uploads\/2025\/08\/IMG-20240108-WA0023-1024x912.jpg 1024w, https:\/\/innovaagencia.com.co\/wp-content\/uploads\/2025\/08\/IMG-20240108-WA0023-300x267.jpg 300w, https:\/\/innovaagencia.com.co\/wp-content\/uploads\/2025\/08\/IMG-20240108-WA0023-768x684.jpg 768w, https:\/\/innovaagencia.com.co\/wp-content\/uploads\/2025\/08\/IMG-20240108-WA0023-1536x1368.jpg 1536w, https:\/\/innovaagencia.com.co\/wp-content\/uploads\/2025\/08\/IMG-20240108-WA0023-1000x891.jpg 1000w, https:\/\/innovaagencia.com.co\/wp-content\/uploads\/2025\/08\/IMG-20240108-WA0023-230x205.jpg 230w, https:\/\/innovaagencia.com.co\/wp-content\/uploads\/2025\/08\/IMG-20240108-WA0023-350x312.jpg 350w, https:\/\/innovaagencia.com.co\/wp-content\/uploads\/2025\/08\/IMG-20240108-WA0023-480x428.jpg 480w, https:\/\/innovaagencia.com.co\/wp-content\/uploads\/2025\/08\/IMG-20240108-WA0023.jpg 1600w\" sizes=\"(max-width: 1024px) 100vw, 1024px\" \/><\/figure>\n\n\n\n<figure class=\"wp-block-image size-large\"><img loading=\"lazy\" decoding=\"async\" width=\"808\" height=\"1024\" data-id=\"319\" src=\"https:\/\/innovaagencia.com.co\/wp-content\/uploads\/2025\/08\/IMG-20240127-WA0016-1-808x1024.jpg\" alt=\"\" class=\"wp-image-319\" srcset=\"https:\/\/innovaagencia.com.co\/wp-content\/uploads\/2025\/08\/IMG-20240127-WA0016-1-808x1024.jpg 808w, https:\/\/innovaagencia.com.co\/wp-content\/uploads\/2025\/08\/IMG-20240127-WA0016-1-237x300.jpg 237w, https:\/\/innovaagencia.com.co\/wp-content\/uploads\/2025\/08\/IMG-20240127-WA0016-1-768x973.jpg 768w, https:\/\/innovaagencia.com.co\/wp-content\/uploads\/2025\/08\/IMG-20240127-WA0016-1-1212x1536.jpg 1212w, https:\/\/innovaagencia.com.co\/wp-content\/uploads\/2025\/08\/IMG-20240127-WA0016-1-1000x1267.jpg 1000w, https:\/\/innovaagencia.com.co\/wp-content\/uploads\/2025\/08\/IMG-20240127-WA0016-1-230x291.jpg 230w, https:\/\/innovaagencia.com.co\/wp-content\/uploads\/2025\/08\/IMG-20240127-WA0016-1-350x444.jpg 350w, https:\/\/innovaagencia.com.co\/wp-content\/uploads\/2025\/08\/IMG-20240127-WA0016-1-480x608.jpg 480w, https:\/\/innovaagencia.com.co\/wp-content\/uploads\/2025\/08\/IMG-20240127-WA0016-1.jpg 1242w\" sizes=\"(max-width: 808px) 100vw, 808px\" \/><\/figure>\n\n\n\n<figure class=\"wp-block-image size-large\"><img loading=\"lazy\" decoding=\"async\" width=\"1024\" height=\"652\" data-id=\"322\" src=\"https:\/\/innovaagencia.com.co\/wp-content\/uploads\/2025\/08\/IMG-20210413-WA0040-1024x652.jpg\" alt=\"\" class=\"wp-image-322\" srcset=\"https:\/\/innovaagencia.com.co\/wp-content\/uploads\/2025\/08\/IMG-20210413-WA0040-1024x652.jpg 1024w, https:\/\/innovaagencia.com.co\/wp-content\/uploads\/2025\/08\/IMG-20210413-WA0040-300x191.jpg 300w, https:\/\/innovaagencia.com.co\/wp-content\/uploads\/2025\/08\/IMG-20210413-WA0040-768x489.jpg 768w, https:\/\/innovaagencia.com.co\/wp-content\/uploads\/2025\/08\/IMG-20210413-WA0040-1000x637.jpg 1000w, https:\/\/innovaagencia.com.co\/wp-content\/uploads\/2025\/08\/IMG-20210413-WA0040-230x146.jpg 230w, https:\/\/innovaagencia.com.co\/wp-content\/uploads\/2025\/08\/IMG-20210413-WA0040-350x223.jpg 350w, https:\/\/innovaagencia.com.co\/wp-content\/uploads\/2025\/08\/IMG-20210413-WA0040-480x306.jpg 480w, https:\/\/innovaagencia.com.co\/wp-content\/uploads\/2025\/08\/IMG-20210413-WA0040.jpg 1280w\" sizes=\"(max-width: 1024px) 100vw, 1024px\" \/><\/figure>\n<\/figure>\n\n\n\n<div class=\"wp-block-uagb-container uagb-block-8223e757 alignfull uagb-is-root-container\"><div class=\"uagb-container-inner-blocks-wrap\">\n<h3 class=\"wp-block-heading\">\ud83d\udd25 Lo que ofrecemos:<\/h3>\n\n\n\n<p>\u2705 <strong>Cuadernos Personalizados<\/strong> \u2013 Tama\u00f1os y estilos a tu gusto.<br>\u2705 <strong>Libretas Corporativas<\/strong> \u2013 Con tu logo o identidad visual.<br>\u2705 <strong>Agendas 2025<\/strong> \u2013 Elegantes, funcionales y \u00fanicas.<br>\u2705 <strong>Bit\u00e1coras Creativas<\/strong> \u2013 Para viajes, proyectos o diarios personales.<br>\u2705 <strong>Pedidos al por mayor o por unidad<\/strong> \u2013 Ideal para empresas, eventos o detalles especiales.<\/p>\n<\/div><\/div>\n\n\n\n<h3 class=\"wp-block-heading\">\ud83c\udfa8 Elige, Personaliza y Recibe<\/h3>\n\n\n\n<ol class=\"wp-block-list\">\n<li><strong>Selecciona tu producto<\/strong><\/li>\n\n\n\n<li><strong>Env\u00eda tu dise\u00f1o<\/strong><\/li>\n\n\n\n<li><strong>Rec\u00edbelo donde est\u00e9s<\/strong><\/li>\n<\/ol>\n\n\n\n<p><em>\u00a1As\u00ed de f\u00e1cil!<\/em><\/p>\n\n\n\n<h3 class=\"wp-block-heading\">\ud83d\ude80 Impresiona con un detalle \u00fanico<\/h3>\n\n\n\n<p>Perfectos para:<\/p>\n\n\n\n<ul class=\"wp-block-list\">\n<li>Regalos corporativos<\/li>\n\n\n\n<li>Emprendedores y marcas personales<\/li>\n\n\n\n<li>Estudiantes y creativos<\/li>\n\n\n\n<li>Eventos, bodas y fechas especiales<\/li>\n<\/ul>\n\n\n\n<div class=\"wp-block-uagb-container uagb-block-c0857f1e alignfull uagb-is-root-container\"><div class=\"uagb-container-inner-blocks-wrap\">\n<h3 class=\"wp-block-heading\">\ud83d\udc47 Haz tu pedido ahora<\/h3>\n\n\n\n<p><strong> Quiero Personalizar el M\u00edo<\/strong><\/p>\n\n\n\n<div class=\"wp-block-buttons is-layout-flex wp-block-buttons-is-layout-flex\">\n<div class=\"wp-block-button\"><a class=\"wp-block-button__link wp-element-button\">whatsapp<\/a><\/div>\n<\/div>\n<\/div><\/div>\n\n\n\n<p><\/p>\n","protected":false},"excerpt":{"rendered":"<p>Dale estilo a tus ideas: Cuadernos y Agendas Personalizados \ud83d\udcd3 Dise\u00f1ados para inspirarte. Hechos para destacar. \u00bfCansado de los mismos cuadernos gen\u00e9ricos? [&hellip;]<\/p>\n","protected":false},"author":2,"featured_media":0,"parent":0,"menu_order":0,"comment_status":"closed","ping_status":"closed","template":"","meta":{"_uag_custom_page_level_css":"","_joinchat":[],"footnotes":""},"class_list":["post-295","page","type-page","status-publish","hentry"],"uagb_featured_image_src":{"full":false,"thumbnail":false,"medium":false,"medium_large":false,"large":false,"1536x1536":false,"2048x2048":false,"sydney-large-thumb":false,"sydney-medium-thumb":false,"sydney-small-thumb":false,"sydney-service-thumb":false,"sydney-mas-thumb":false},"uagb_author_info":{"display_name":"Juan Figueroa","author_link":"https:\/\/innovaagencia.com.co\/index.php\/author\/juan\/"},"uagb_comment_info":0,"uagb_excerpt":"Dale estilo a tus ideas: Cuadernos y Agendas Personalizados \ud83d\udcd3 Dise\u00f1ados para inspirarte. Hechos para destacar. \u00bfCansado de los mismos cuadernos gen\u00e9ricos? [&hellip;]","_links":{"self":[{"href":"https:\/\/innovaagencia.com.co\/index.php\/wp-json\/wp\/v2\/pages\/295","targetHints":{"allow":["GET"]}}],"collection":[{"href":"https:\/\/innovaagencia.com.co\/index.php\/wp-json\/wp\/v2\/pages"}],"about":[{"href":"https:\/\/innovaagencia.com.co\/index.php\/wp-json\/wp\/v2\/types\/page"}],"author":[{"embeddable":true,"href":"https:\/\/innovaagencia.com.co\/index.php\/wp-json\/wp\/v2\/users\/2"}],"replies":[{"embeddable":true,"href":"https:\/\/innovaagencia.com.co\/index.php\/wp-json\/wp\/v2\/comments?post=295"}],"version-history":[{"count":8,"href":"https:\/\/innovaagencia.com.co\/index.php\/wp-json\/wp\/v2\/pages\/295\/revisions"}],"predecessor-version":[{"id":333,"href":"https:\/\/innovaagencia.com.co\/index.php\/wp-json\/wp\/v2\/pages\/295\/revisions\/333"}],"wp:attachment":[{"href":"https:\/\/innovaagencia.com.co\/index.php\/wp-json\/wp\/v2\/media?parent=295"}],"curies":[{"name":"wp","href":"https:\/\/api.w.org\/{rel}","templated":true}]}}